{"id":3780,"date":"2015-10-06T10:16:05","date_gmt":"2015-10-06T09:16:05","guid":{"rendered":"http:\/\/www.havengridgroup.com\/?page_id=3780"},"modified":"2015-11-20T10:40:51","modified_gmt":"2015-11-20T09:40:51","slug":"partners","status":"publish","type":"page","link":"http:\/\/www.havengridgroup.com\/it\/partners\/","title":{"rendered":"Partners"},"content":{"rendered":"<div class=\"flex_column av_four_fifth  flex_column_div av-zero-column-padding first  \" style='border-radius:0px; '><div class='avia-image-container  av-styling- av-hover-grow  avia-align-center '  itemscope=\"itemscope\" itemtype=\"https:\/\/schema.org\/ImageObject\"  ><div class='avia-image-container-inner'><img class='avia_image ' src='http:\/\/www.havengridgroup.com\/wp-content\/uploads\/2015\/10\/HavengridGroupPartners-1030x649.jpg' alt='' title='HavengridGroupPartners'   itemprop=\"contentURL\"  \/><\/div><\/div><\/div>\n<div class=\"flex_column av_one_fifth  flex_column_div av-zero-column-padding   \" style='border-radius:0px; '><p><div style='padding-bottom:10px;' class='av-special-heading av-special-heading-h3    '><h3 class='av-special-heading-tag'  itemprop=\"headline\"  >&#8230;pi\u00f9 opportunit\u00e0, pi\u00f9 clienti, pi\u00f9 business.<\/h3><div class='special-heading-border'><div class='special-heading-inner-border' ><\/div><\/div><\/div><br \/>\n<section class=\"av_textblock_section\"  itemscope=\"itemscope\" itemtype=\"https:\/\/schema.org\/CreativeWork\" ><div class='avia_textblock '   itemprop=\"text\" ><p>Havengrid Group con oltre 10 anni di attivit\u00e0 turistico-immobiliare, sviluppa e commercializza progetti esclusivi, sia residenziali che ricettivi, in Paesi di grande sviluppo economico, principalmente in Centro e Sud America. All\u2019interno del proprio <strong>programma di espansione<\/strong>, collabora con selezionate societ\u00e0 e professionisti del settore immobiliare e finanziario, per la promozione e distribuzione dei propri prodotti immobiliari all\u2019estero.<\/p>\n<p>L\u2019obiettivo \u00e8 di creare<strong> nuove opportunit\u00e0<\/strong> per entrambe le parti; per Havengrid Group nell&#8217;aumento delle vendite attraverso nuovi contatti e, per i suoi collaboratori, nell\u2019offrire un nuovo prodotto ai propri clienti e nella possibilit\u00e0 di trovare nuovi clienti tra coloro che prediligono l&#8217;investimento immobiliare estero.<\/p>\n<\/div><\/section><\/p><\/div>\n<div class=\"flex_column av_one_full  flex_column_div av-zero-column-padding first  \" style='border-radius:0px; '><section class=\"av_textblock_section\"  itemscope=\"itemscope\" itemtype=\"https:\/\/schema.org\/CreativeWork\" ><div class='avia_textblock '   itemprop=\"text\" ><blockquote>\n<p>Nel 2014 sono state concluse circa 45.700 compravendite, di cui il 77% circa per investimento, per 6,4 miliardi di euro totali nel 2014, 8% in pi\u00f9 rispetto all\u2019anno precedente. Il 2015, dovrebbe chiudersi raggiungendo quota 48.000 transizioni. <em>Fonti : Scenari Immobiliari, Of-Osservatorio finanziario.<\/em><\/p>\n<\/blockquote>\n<\/div><\/section><br \/>\n<div style='padding-bottom:10px;' class='av-special-heading av-special-heading-h3    '><h3 class='av-special-heading-tag'  itemprop=\"headline\"  >Per informazioni e dettagli, contatta i nostri uffici di riferimenti in Italia<\/h3><div class='special-heading-border'><div class='special-heading-inner-border' ><\/div><\/div><\/div><br \/>\n<section class=\"av_textblock_section\"  itemscope=\"itemscope\" itemtype=\"https:\/\/schema.org\/CreativeWork\" ><div class='avia_textblock '   itemprop=\"text\" ><p><strong>HVG Consulting<\/strong><br \/>\nVia Marghera 36, 20149 Milano<br \/>\nTel 02 36563000<br \/>\n<a href=\"mailto:hvg@havengridgroup.com\">hvg@havengridgroup.com<\/a><\/p>\n<\/div><\/section><br \/>\n<div style='padding-bottom:10px;' class='av-special-heading av-special-heading-h3    '><h3 class='av-special-heading-tag'  itemprop=\"headline\"  >Oltre a diversi professionisti, ecco alcuni dei nostri partners <\/h3><div class='special-heading-border'><div class='special-heading-inner-border' ><\/div><\/div><\/div><br \/>\n<section class=\"av_textblock_section\"  itemscope=\"itemscope\" itemtype=\"https:\/\/schema.org\/CreativeWork\" ><div class='avia_textblock '   itemprop=\"text\" ><p><img decoding=\"async\" loading=\"lazy\" class=\"alignnone size-full wp-image-2650\" src=\"http:\/\/www.havengridgroup.com\/wp-content\/uploads\/2014\/09\/httpswww.pixartprinting.itarea-personaleordini-effettuati.png\" alt=\"httpswww.pixartprinting.itarea-personaleordini-effettuati\" width=\"120\" height=\"33\" \/><img decoding=\"async\" loading=\"lazy\" class=\"alignnone size-full wp-image-4006\" src=\"http:\/\/www.havengridgroup.com\/wp-content\/uploads\/2015\/10\/laCasaAgency.png\" alt=\"laCasaAgency\" width=\"120\" height=\"83\" \/><img decoding=\"async\" loading=\"lazy\" class=\"alignnone size-full wp-image-1665\" src=\"http:\/\/www.havengridgroup.com\/wp-content\/uploads\/2015\/02\/wire_logo1.jpg\" alt=\"wire_logo\" width=\"120\" height=\"83\" \/><img decoding=\"async\" loading=\"lazy\" class=\"alignnone size-full wp-image-1860\" src=\"http:\/\/www.havengridgroup.com\/wp-content\/uploads\/2014\/09\/opisas_logo1.jpg\" alt=\"opisas_logo\" width=\"120\" height=\"83\" \/><img decoding=\"async\" loading=\"lazy\" class=\"alignnone size-full wp-image-1653\" src=\"http:\/\/www.havengridgroup.com\/wp-content\/uploads\/2015\/02\/paulo-miranda_logo1.jpg\" alt=\"paulo-miranda_logo\" width=\"120\" height=\"83\" \/><img decoding=\"async\" loading=\"lazy\" class=\"alignnone size-full wp-image-1638\" src=\"http:\/\/www.havengridgroup.com\/wp-content\/uploads\/2015\/02\/coelho_logo2.jpg\" alt=\"coelho_logo\" width=\"120\" height=\"83\" \/><\/p>\n<\/div><\/section><\/p><\/div>\n","protected":false},"excerpt":{"rendered":"","protected":false},"author":3,"featured_media":0,"parent":0,"menu_order":0,"comment_status":"closed","ping_status":"closed","template":"","meta":[],"_links":{"self":[{"href":"http:\/\/www.havengridgroup.com\/it\/wp-json\/wp\/v2\/pages\/3780"}],"collection":[{"href":"http:\/\/www.havengridgroup.com\/it\/wp-json\/wp\/v2\/pages"}],"about":[{"href":"http:\/\/www.havengridgroup.com\/it\/wp-json\/wp\/v2\/types\/page"}],"author":[{"embeddable":true,"href":"http:\/\/www.havengridgroup.com\/it\/wp-json\/wp\/v2\/users\/3"}],"replies":[{"embeddable":true,"href":"http:\/\/www.havengridgroup.com\/it\/wp-json\/wp\/v2\/comments?post=3780"}],"version-history":[{"count":54,"href":"http:\/\/www.havengridgroup.com\/it\/wp-json\/wp\/v2\/pages\/3780\/revisions"}],"predecessor-version":[{"id":4727,"href":"http:\/\/www.havengridgroup.com\/it\/wp-json\/wp\/v2\/pages\/3780\/revisions\/4727"}],"wp:attachment":[{"href":"http:\/\/www.havengridgroup.com\/it\/wp-json\/wp\/v2\/media?parent=3780"}],"curies":[{"name":"wp","href":"https:\/\/api.w.org\/{rel}","templated":true}]}}