{"id":262,"date":"2014-10-15T20:03:03","date_gmt":"2014-10-15T19:03:03","guid":{"rendered":"http:\/\/www.havengridgroup.com\/?page_id=262"},"modified":"2015-03-25T14:58:13","modified_gmt":"2015-03-25T14:58:13","slug":"por-que-investir-no-brasil","status":"publish","type":"page","link":"http:\/\/www.havengridgroup.com\/pt-br\/por-que-investir-no-brasil\/","title":{"rendered":"Por Que Investir no Brasil?"},"content":{"rendered":"<\/div><\/div><\/div><!-- close content main div --><\/div><\/div><div id='full_slider_1' class='avia-fullwidth-slider main_color avia-shadow  container_wrap sidebar_right'   ><div  data-size='featured'  data-lightbox_size='large'  data-animation='fade'  data-ids='2206'  data-video_counter='0'  data-autoplay='true'  data-bg_slider='false'  data-slide_height=''  data-handle='av_slideshow_full'  data-interval='5'  data-class=' '  data-css_id=''  data-scroll_down=''  data-control_layout='av-control-default'  data-custom_markup=''  data-perma_caption=''  data-autoplay_stopper=''  data-src=''  data-position='top left'  data-repeat='no-repeat'  data-attach='scroll'  data-stretch=''  data-default-height='28.6666666667'  class='avia-slideshow avia-slideshow-1  av-control-default av-default-height-applied avia-slideshow-featured av_slideshow_full   avia-fade-slider '  itemscope=\"itemscope\" itemtype=\"https:\/\/schema.org\/ImageObject\" ><ul class='avia-slideshow-inner' style='padding-bottom: 28.6666666667%;'><li  class=' av-single-slide slide-1 ' ><div data-rel='slideshow-1' class='avia-slide-wrap'  ><div class = \"caption_fullwidth av-slideshow-caption caption_bottom caption_bottom_framed caption_framed\"><div class = \"container caption_container\"><div class = \"slideshow_caption\"><div class = \"slideshow_inner_caption\"><div class = \"slideshow_align_caption\"><a href='http:\/\/www.havengridgroup.com\/it\/chi-siamo\/'  class='avia-slideshow-button avia-button avia-color-grey avia-multi-slideshow-button' data-duration='800' data-easing='easeInOutQuad'>A Empresa<\/a><a href=''  class='avia-slideshow-button avia-button avia-color-grey avia-multi-slideshow-button avia-slideshow-button-2' data-duration='800' data-easing='easeInOutQuad'>Por Que Investir no Brasil?<\/a><\/div><\/div><\/div><\/div><\/div><img src='http:\/\/www.havengridgroup.com\/wp-content\/uploads\/2014\/10\/havengrid-1500x430.jpg' width='1500' height='430' title='havengrid' alt=''  itemprop=\"contentURL\"  \/><\/div><\/li><\/ul><\/div><\/div>\n<div style='padding-bottom:10px;' class='av-special-heading av-special-heading-h3    '><h3 class='av-special-heading-tag'  itemprop=\"headline\"  >5 motivos para investir no mercado imobili\u00e1rio brasileiro<\/h3><div class='special-heading-border'><div class='special-heading-inner-border' ><\/div><\/div><\/div>\n<div class=\"flex_column av_one_half  flex_column_div first  \" ><p><section class=\"av_textblock_section\"  itemscope=\"itemscope\" itemtype=\"https:\/\/schema.org\/CreativeWork\" ><div class='avia_textblock '   itemprop=\"text\" ><p><strong>Economia<\/strong><\/p>\n<ul>\n<li>O setor econ\u00f4mico do Brasil responde por quase metade do PIB latino-americano.<\/li>\n<li>Boas taxas de c\u00e2mbio, tornando-o mais barato para os investidores estrangeiros.<\/li>\n<li>Pol\u00edticas progressistas do presidente Lula trouxe muitas melhorias para o Brasil, incluindo uma diminui\u00e7\u00e3o da infla\u00e7\u00e3o para um m\u00ednimo hist\u00f3rico de 5,7%.<\/li>\n<li>Encorajamento e incentivos para o investimento estrangeiro Ativo \u2013 voc\u00ea pode ter 100% de terras e propriedades.<\/li>\n<li>O custo de vida \u00e9 apenas 20% do custo no Reino Unido \/ Europa, enquanto os custos de manuten\u00e7\u00e3o da propriedade s\u00e3o extremamente baixos.<\/li>\n<li>O aumento da prospera\u00e7\u00e3o das ind\u00fastrias que mudam para o Brasil impulsionam a economia.<\/li>\n<li>Possibilidade de ser auto-suficiente em reservas de petr\u00f3leo no pr\u00f3ximo ano.<\/li>\n<li>Brasil \u00e9 considerado por alguns economistas para estar entre os l\u00edderes do futuro, junto com R\u00fassia, \u00cdndia e China.<\/li>\n<\/ul>\n<p><strong>Juros baixos\u00a0<\/strong><\/p>\n<ul>\n<li>A diminui\u00e7\u00e3o das taxas de juros tem gerado sucessivos recordes de financiamento imobili\u00e1rios, que devem passar de 2% do PIB para 12% em 2014.<\/li>\n<li>As taxas de juros continuam a cair gradualmente e diversos economistas acreditam que j\u00e1 nos tornamos um pa\u00eds \u00edm\u00e3 de investimento.<\/li>\n<li>Acredita-se que as reformas fiscais est\u00e1veis e a estabilidade econ\u00f4mica devam permitir que as taxas de juros caiam ainda mais, o que j\u00e1 pode ser confirmado. Isto alteraria os investimentos e as a\u00e7\u00f5es banc\u00e1rias e aumentaria o setor de empr\u00e9stimos hipotec\u00e1rios. Assim sendo, com mais dinheiro para esta \u00e1rea de investimento, o lucro seria ineg\u00e1vel.<\/li>\n<\/ul>\n<\/div><\/section><br \/>\n<div class='avia-image-container  av-styling-   avia-align-center '  itemscope=\"itemscope\" itemtype=\"https:\/\/schema.org\/ImageObject\"  ><div class='avia-image-container-inner'><img class='avia_image ' src='http:\/\/www.havengridgroup.com\/wp-content\/uploads\/2014\/10\/why-invest-maceio-aerea-22.jpg' alt='' title='why-invest-maceio-aerea-2'   itemprop=\"contentURL\"  \/><\/div><\/div><\/p><\/div>\n<div class=\"flex_column av_one_half  flex_column_div   \" ><p><div style='height:20px' class='hr hr-invisible '><span class='hr-inner ' ><span class='hr-inner-style'><\/span><\/span><\/div><br \/>\n<div class='avia-image-container  av-styling-   avia-align-center '  itemscope=\"itemscope\" itemtype=\"https:\/\/schema.org\/ImageObject\"  ><div class='avia-image-container-inner'><img class='avia_image ' src='http:\/\/www.havengridgroup.com\/wp-content\/uploads\/2014\/10\/why-invest-maceio-aerea-11.jpg' alt='' title='why-invest-maceio-aerea-1'   itemprop=\"contentURL\"  \/><\/div><\/div><br \/>\n<div style='height:10px' class='hr hr-invisible '><span class='hr-inner ' ><span class='hr-inner-style'><\/span><\/span><\/div><br \/>\n<section class=\"av_textblock_section\"  itemscope=\"itemscope\" itemtype=\"https:\/\/schema.org\/CreativeWork\" ><div class='avia_textblock '   itemprop=\"text\" ><p><strong>Valoriza\u00e7\u00e3o<\/strong><\/p>\n<ul>\n<li>A valoriza\u00e7\u00e3o do metro quadrado dos im\u00f3veis\u00a0anunciados no Brasil em 2013 foi de mais que o dobro da infla\u00e7\u00e3o;<\/li>\n<li>Im\u00f3veis com retorno de 20% ao ano em diversas cidades;<\/li>\n<li>Nos \u00faltimos cinco anos, os valores de propriedade duplicaram devido aos investimentos estrangeiros, mas a previs\u00e3o de crescimento para vir ainda \u00e9 muito bom para os investidores.<\/li>\n<\/ul>\n<p><strong>Beleza natural, clima e cultura<\/strong><\/p>\n<ul>\n<li>O Brasil \u00e9 privilegiado pela beleza natural, praias, clima agrad\u00e1vel, m\u00fasica e cultura.<\/li>\n<li>Sol durante o ano todo, com temperaturas m\u00e9dias no ver\u00e3o de 21 \u00b0 C.<\/li>\n<li>Grande beleza natural com uma paisagem maravilhosa e 7.000 km de praias.<\/li>\n<li>Natureza amig\u00e1vel do povo brasileiro.<\/li>\n<li>Cidades vibrantes com carnavais e m\u00fasica.<\/li>\n<li>Baixo risco internacional de guerra, terrorismo ou SARS no Brasil.<\/li>\n<li>F\u00e1cil acesso via v\u00f4os diretos de muitos aeroportos internacionais<\/li>\n<\/ul>\n<p><strong>Estrangeiros<\/strong><\/p>\n<ul>\n<li>Estrangeiros t\u00eam a propriedade plena dos im\u00f3veis, como os mesmos direitos dos brasileiros. Fora isso, n\u00e3o existem restri\u00e7\u00f5es para a retirada de lucros e retorno do capital de investidores estrangeiros.<\/li>\n<li>De acordo com uma pesquisa nacional, de cada 10 im\u00f3veis vendidos, tr\u00eas deles est\u00e3o sendo comprados por estrangeiros. Isso significa que, neste momento, 30% da propriedade, especialmente a propriedade \u00e0 beira-mar, est\u00e1 nos olhos-ou m\u00e3os-de investidores estrangeiros.<\/li>\n<\/ul>\n<\/div><\/section><\/p><\/div>\n<div class=\"flex_column av_one_half  flex_column_div first  \" ><p><div style='padding-bottom:10px;' class='av-special-heading av-special-heading-h3   '><h3 class='av-special-heading-tag'  itemprop=\"headline\"  >Estamos no para\u00edso<\/h3><div class='special-heading-border'><div class='special-heading-inner-border' ><\/div><\/div><\/div><br \/>\n<section class=\"av_textblock_section\"  itemscope=\"itemscope\" itemtype=\"https:\/\/schema.org\/CreativeWork\" ><div class='avia_textblock '   itemprop=\"text\" ><p><strong>Macei\u00f3<\/strong> \u00e9 a capital de Alagoas. O verde contagiante dos coqueiros que dominam toda a orla praiana, considerada uma das orlas urbanas mais aconchegantes do <strong>Brasil<\/strong>, pode ser apreciado de longe, em uma das jangadas de velas coloridas que levam voc\u00ea \u00e0s famosas piscinas naturais formadas na praia de Paju\u00e7ara.<\/p>\n<p>Museus, teatros, igrejas, bairros hist\u00f3ricos, artesanato, gastronomia diversificada completam esse cen\u00e1rio inesquec\u00edvel.<\/p>\n<\/div><\/section><\/p><\/div>\n<div class=\"flex_column av_one_half  flex_column_div   \" ><div  data-size='portfolio'  data-lightbox_size='large'  data-animation='fade'  data-ids='274,240'  data-video_counter='0'  data-autoplay='true'  data-bg_slider='false'  data-slide_height=''  data-handle='av_slideshow'  data-interval='5'  data-class=' avia-small-width-slider'  data-css_id=''  data-scroll_down=''  data-control_layout=''  data-custom_markup=''  data-perma_caption=''  data-autoplay_stopper=''  data-default-height='80.8080808081'  class='avia-slideshow avia-slideshow-2  av-default-height-applied avia-slideshow-portfolio av_slideshow  avia-small-width-slider avia-fade-slider '  itemscope=\"itemscope\" itemtype=\"https:\/\/schema.org\/ImageObject\" ><ul class='avia-slideshow-inner' style='padding-bottom: 80.8080808081%;'><li  class=' slide-1 ' ><div data-rel='slideshow-2' class='avia-slide-wrap'  ><img src='http:\/\/www.havengridgroup.com\/wp-content\/uploads\/2014\/10\/about-maceio-mapa.jpg' width='495' height='400' title='about-maceio-mapa' alt=''  itemprop=\"contentURL\"  \/><\/div><\/li><li  class=' slide-2 ' ><div data-rel='slideshow-2' class='avia-slide-wrap'  ><img src='http:\/\/www.havengridgroup.com\/wp-content\/uploads\/2014\/10\/why-invest-maceio-aerea-11.jpg' width='495' height='400' title='why-invest-maceio-aerea-1' alt=''  itemprop=\"contentURL\"  \/><\/div><\/li><\/ul><div class='avia-slideshow-arrows avia-slideshow-controls'><a href='#prev' class='prev-slide' aria-hidden='true' data-av_icon='\ue87c' data-av_iconfont='entypo-fontello'>Anterior<\/a><a href='#next' class='next-slide' aria-hidden='true' data-av_icon='\ue87d' data-av_iconfont='entypo-fontello'>Pr\u00f3ximo<\/a><\/div><div class='avia-slideshow-dots avia-slideshow-controls'><a href='#1' class='goto-slide active' >1<\/a><a href='#2' class='goto-slide ' >2<\/a><\/div><\/div><\/div>\n","protected":false},"excerpt":{"rendered":"","protected":false},"author":3,"featured_media":0,"parent":0,"menu_order":0,"comment_status":"open","ping_status":"closed","template":"","meta":[],"_links":{"self":[{"href":"http:\/\/www.havengridgroup.com\/pt-br\/wp-json\/wp\/v2\/pages\/262"}],"collection":[{"href":"http:\/\/www.havengridgroup.com\/pt-br\/wp-json\/wp\/v2\/pages"}],"about":[{"href":"http:\/\/www.havengridgroup.com\/pt-br\/wp-json\/wp\/v2\/types\/page"}],"author":[{"embeddable":true,"href":"http:\/\/www.havengridgroup.com\/pt-br\/wp-json\/wp\/v2\/users\/3"}],"replies":[{"embeddable":true,"href":"http:\/\/www.havengridgroup.com\/pt-br\/wp-json\/wp\/v2\/comments?post=262"}],"version-history":[{"count":6,"href":"http:\/\/www.havengridgroup.com\/pt-br\/wp-json\/wp\/v2\/pages\/262\/revisions"}],"predecessor-version":[{"id":2451,"href":"http:\/\/www.havengridgroup.com\/pt-br\/wp-json\/wp\/v2\/pages\/262\/revisions\/2451"}],"wp:attachment":[{"href":"http:\/\/www.havengridgroup.com\/pt-br\/wp-json\/wp\/v2\/media?parent=262"}],"curies":[{"name":"wp","href":"https:\/\/api.w.org\/{rel}","templated":true}]}}