{"id":383,"date":"2014-10-15T22:43:56","date_gmt":"2014-10-15T21:43:56","guid":{"rendered":"http:\/\/www.havengridgroup.com\/?page_id=383"},"modified":"2015-03-25T11:04:06","modified_gmt":"2015-03-25T11:04:06","slug":"havengrid-point-3","status":"publish","type":"page","link":"http:\/\/www.havengridgroup.com\/pt-br\/havengrid-point-3\/","title":{"rendered":"Havengrid Point"},"content":{"rendered":"<\/div><\/div><\/div><!-- close content main div --><\/div><\/div><div id='full_slider_1' class='avia-fullwidth-slider main_color avia-shadow  container_wrap sidebar_right'   ><div  data-size='featured'  data-lightbox_size='large'  data-animation='slide'  data-ids='2146'  data-video_counter='0'  data-autoplay='false'  data-bg_slider='false'  data-slide_height=''  data-handle='av_slideshow_full'  data-interval='5'  data-class=' '  data-css_id=''  data-scroll_down=''  data-control_layout='av-control-default'  data-custom_markup=''  data-perma_caption=''  data-autoplay_stopper=''  data-src=''  data-position='top left'  data-repeat='no-repeat'  data-attach='scroll'  data-stretch=''  data-default-height='28.6666666667'  class='avia-slideshow avia-slideshow-1  av-control-default av-default-height-applied avia-slideshow-featured av_slideshow_full   avia-slide-slider '  itemscope=\"itemscope\" itemtype=\"https:\/\/schema.org\/ImageObject\" ><ul class='avia-slideshow-inner' style='padding-bottom: 28.6666666667%;'><li  class=' av-single-slide slide-1 ' ><div data-rel='slideshow-1' class='avia-slide-wrap'  ><img src='http:\/\/www.havengridgroup.com\/wp-content\/uploads\/2014\/10\/mappa-havengrid-point33-1500x430.jpg' width='1500' height='430' title='mappa-havengrid point' alt=''  itemprop=\"contentURL\"  \/><\/div><\/li><\/ul><\/div><\/div>\n<div class=\"flex_column av_one_full  flex_column_div first  \" ><section class=\"av_textblock_section\"  itemscope=\"itemscope\" itemtype=\"https:\/\/schema.org\/CreativeWork\" ><div class='avia_textblock '   itemprop=\"text\" ><p>O projeto de crescimento do Grupo Havengrid, al\u00e9m do desenvolvimento de novos projetos imobili\u00e1rios, oferece tamb\u00e9m a <strong>expans\u00e3o da sua rede de vendas<\/strong> e promo\u00e7\u00e3o de produtos na carteira. Em fevereiro de 2014, foi inaugurado no Brasil o primeiro<strong> Havengrid Point<\/strong>, no interior do maior shopping de Macei\u00f3, capital de Alagoas.<\/p>\n<p>Havengrid Point \u00e9 o lugar em que o Grupo Havengrid, atrav\u00e9s de profissionais selecionados, oferece consultoria a potenciais investidores, incluindo a possibilidade de reservar as suas f\u00e9rias em alguns dos complexos imobili\u00e1rios promovidos. <strong>Atualmente est\u00e3o tamb\u00e9m em processo de inaugura\u00e7\u00e3o, filiais em localidades e pa\u00edses<\/strong> considerados estrat\u00e9gicos para a distribui\u00e7\u00e3o do produto promovido pelo Grupo, tanto na Europa quanto na Am\u00e9rica Latina, al\u00e9m de escrit\u00f3rios j\u00e1 existentes em Miami, Mil\u00e3o, e na Rep\u00fablica Dominicana.<\/p>\n<\/div><\/section><\/div>\n<div class=\"flex_column av_one_third  flex_column_div first  \" ><p><div style='padding-bottom:10px;' class='av-special-heading av-special-heading-h3    '><h3 class='av-special-heading-tag'  itemprop=\"headline\"  >Havengrid Point Milano<\/h3><div class='special-heading-border'><div class='special-heading-inner-border' ><\/div><\/div><\/div><br \/>\n<div class='avia-image-container  av-styling-   avia-align-center '  itemscope=\"itemscope\" itemtype=\"https:\/\/schema.org\/ImageObject\"  ><div class='avia-image-container-inner'><img class='avia_image ' src='http:\/\/www.havengridgroup.com\/wp-content\/uploads\/2014\/10\/havengrid-point-milano1-300x224.jpg' alt='' title='havengrid-point-milano'   itemprop=\"contentURL\"  \/><\/div><\/div><br \/>\n<section class=\"av_textblock_section\"  itemscope=\"itemscope\" itemtype=\"https:\/\/schema.org\/CreativeWork\" ><div class='avia_textblock '   itemprop=\"text\" ><p><em>Aspria Harbour Club<\/em><br \/>\nHall<br \/>\nVia Cascina Bellaria 19, 20153<br \/>\n<strong><span id=\"result_box\" class=\"short_text\" lang=\"pt\"><span class=\"hps\">Mil\u00e3o<\/span> <span class=\"hps atn\">(<\/span><span class=\"\">It\u00e1lia<\/span><span class=\"\">)<\/span><\/span><\/strong><br \/>\ntel: +39 02 36563000<br \/>\n<a href=\"mailto:info@havengridgroup.com\">info@havengridgroup.com<\/a><\/p>\n<\/div><\/section><\/p><\/div><div class=\"flex_column av_one_third  flex_column_div   \" ><p><div style='padding-bottom:10px;' class='av-special-heading av-special-heading-h3    '><h3 class='av-special-heading-tag'  itemprop=\"headline\"  >Havengrid Point Bavaro<\/h3><div class='special-heading-border'><div class='special-heading-inner-border' ><\/div><\/div><\/div><br \/>\n<div class='avia-image-container  av-styling-   avia-align-center '  itemscope=\"itemscope\" itemtype=\"https:\/\/schema.org\/ImageObject\"  ><div class='avia-image-container-inner'><img class='avia_image ' src='http:\/\/www.havengridgroup.com\/wp-content\/uploads\/2014\/10\/havengrid-point-bavaro1-300x224.jpg' alt='' title='havengrid-point-bavaro'   itemprop=\"contentURL\"  \/><\/div><\/div><br \/>\n<section class=\"av_textblock_section\"  itemscope=\"itemscope\" itemtype=\"https:\/\/schema.org\/CreativeWork\" ><div class='avia_textblock '   itemprop=\"text\" ><p><em>San Juan Shopping Center<\/em><br \/>\n2\u00b0 Piso, Cruce de Cocoloco<br \/>\nAv. Barcelo cruce Av. Estados Unidos<br \/>\n<strong><span id=\"result_box\" class=\"short_text\" lang=\"pt\"><span class=\"hps\">Bavaro<\/span> <span class=\"hps\">(Rep\u00fablica Dominicana)<\/span><\/span><\/strong><br \/>\ntel: +1 809 466 1366<br \/>\n<a href=\"mailto:point.bavaro@havengridgroup.com\">point.bavaro@havengridgroup.com<\/a><\/p>\n<\/div><\/section><\/p><\/div><\/p>\n<div class=\"flex_column av_one_third  flex_column_div   \" ><p><div style='padding-bottom:10px;' class='av-special-heading av-special-heading-h3    '><h3 class='av-special-heading-tag'  itemprop=\"headline\"  >Havengrid Point Macei\u00f3<\/h3><div class='special-heading-border'><div class='special-heading-inner-border' ><\/div><\/div><\/div><br \/>\n<div class='avia-image-container  av-styling-   avia-align-center '  itemscope=\"itemscope\" itemtype=\"https:\/\/schema.org\/ImageObject\"  ><div class='avia-image-container-inner'><img class='avia_image ' src='http:\/\/www.havengridgroup.com\/wp-content\/uploads\/2014\/10\/havengrid-point-maceio5-300x224.jpg' alt='' title='havengrid-point-maceio'   itemprop=\"contentURL\"  \/><\/div><\/div><br \/>\n<section class=\"av_textblock_section\"  itemscope=\"itemscope\" itemtype=\"https:\/\/schema.org\/CreativeWork\" ><div class='avia_textblock '   itemprop=\"text\" ><p><em>Macei\u00f3 Shopping<\/em><br \/>\nLoja 306, Segundo piso, Expans\u00e3o<br \/>\nComendador Gustavo Paiva<br \/>\n<strong>Mangabeiras (Brasil)<\/strong><br \/>\ntel: +55 (82) 3235 5346<br \/>\n<a href=\"mailto:point.maceio@havengrid.com.br\">point.maceio@havengrid.com.br<\/a><\/p>\n<\/div><\/section><\/p><\/div>\n","protected":false},"excerpt":{"rendered":"","protected":false},"author":3,"featured_media":0,"parent":0,"menu_order":0,"comment_status":"open","ping_status":"open","template":"","meta":[],"_links":{"self":[{"href":"http:\/\/www.havengridgroup.com\/pt-br\/wp-json\/wp\/v2\/pages\/383"}],"collection":[{"href":"http:\/\/www.havengridgroup.com\/pt-br\/wp-json\/wp\/v2\/pages"}],"about":[{"href":"http:\/\/www.havengridgroup.com\/pt-br\/wp-json\/wp\/v2\/types\/page"}],"author":[{"embeddable":true,"href":"http:\/\/www.havengridgroup.com\/pt-br\/wp-json\/wp\/v2\/users\/3"}],"replies":[{"embeddable":true,"href":"http:\/\/www.havengridgroup.com\/pt-br\/wp-json\/wp\/v2\/comments?post=383"}],"version-history":[{"count":12,"href":"http:\/\/www.havengridgroup.com\/pt-br\/wp-json\/wp\/v2\/pages\/383\/revisions"}],"predecessor-version":[{"id":2442,"href":"http:\/\/www.havengridgroup.com\/pt-br\/wp-json\/wp\/v2\/pages\/383\/revisions\/2442"}],"wp:attachment":[{"href":"http:\/\/www.havengridgroup.com\/pt-br\/wp-json\/wp\/v2\/media?parent=383"}],"curies":[{"name":"wp","href":"https:\/\/api.w.org\/{rel}","templated":true}]}}