{"id":4034,"date":"2015-10-06T10:16:05","date_gmt":"2015-10-06T09:16:05","guid":{"rendered":"http:\/\/www.havengridgroup.com\/partners-2\/"},"modified":"2015-11-20T10:48:49","modified_gmt":"2015-11-20T09:48:49","slug":"partners","status":"publish","type":"page","link":"http:\/\/www.havengridgroup.com\/pt-br\/partners\/","title":{"rendered":"Partners"},"content":{"rendered":"<div class=\"flex_column av_four_fifth  flex_column_div av-zero-column-padding first  \" style='border-radius:0px; '><div class='avia-image-container  av-styling- av-hover-grow  avia-align-center '  itemscope=\"itemscope\" itemtype=\"https:\/\/schema.org\/ImageObject\"  ><div class='avia-image-container-inner'><img class='avia_image ' src='http:\/\/www.havengridgroup.com\/wp-content\/uploads\/2015\/10\/pt-1030x649.jpg' alt='' title='pt'   itemprop=\"contentURL\"  \/><\/div><\/div><\/div>\n<div class=\"flex_column av_one_fifth  flex_column_div av-zero-column-padding   \" style='border-radius:0px; '><p><div style='padding-bottom:10px;' class='av-special-heading av-special-heading-h3   '><h3 class='av-special-heading-tag'  itemprop=\"headline\"  >Mais oportunidade, mais clientes, mais neg\u00f3cios.<\/h3><div class='special-heading-border'><div class='special-heading-inner-border' ><\/div><\/div><\/div><br \/>\n<section class=\"av_textblock_section\"  itemscope=\"itemscope\" itemtype=\"https:\/\/schema.org\/CreativeWork\" ><div class='avia_textblock '   itemprop=\"text\" ><p>Havengrid Group, no seu <strong>programa de desenvolvimento<\/strong>, formou parcerias com empresas selecionadas e profissionais do setor imobili\u00e1rio e financeiro, para a promo\u00e7\u00e3o e distribui\u00e7\u00e3o de seus produtos imobili\u00e1rios.<\/p>\n<div class=\"\">O objetivo \u00e9 criar<strong> novas oportunidades<\/strong> para ambas as partes; para o Grupo Havengrid no crescimento das vendas atrav\u00e9s de novos contatos e, para os seus parceiros, oferecendo um novo produto para os seus clientes ea capacidade de encontrar novos clientes entre aqueles que preferem o investimento imobili\u00e1rio no estrangeiro, por exemplo, na Rep\u00fablica Dominicana ou Miami.<\/div>\n<\/div><\/section><\/p><\/div>\n<div class=\"flex_column av_one_full  flex_column_div av-zero-column-padding first  \" style='border-radius:0px; '><p><div style='padding-bottom:10px;' class='av-special-heading av-special-heading-h3    '><h3 class='av-special-heading-tag'  itemprop=\"headline\"  >Para obter informa\u00e7\u00f5es, entre em contato com nossas refer\u00eancias escrit\u00f3rio em It\u00e1lia<\/h3><div class='special-heading-border'><div class='special-heading-inner-border' ><\/div><\/div><\/div><br \/>\n<section class=\"av_textblock_section\"  itemscope=\"itemscope\" itemtype=\"https:\/\/schema.org\/CreativeWork\" ><div class='avia_textblock '   itemprop=\"text\" ><p><strong>HVG Consulting<\/strong><br \/>\nVia Marghera 36, 20149 Milano<br \/>\nTel 02 36563000<br \/>\n<a href=\"mailto:hvg@havengridgroup.com\">hvg@havengridgroup.com<\/a><\/p>\n<\/div><\/section><br \/>\n<div style='padding-bottom:10px;' class='av-special-heading av-special-heading-h3    '><h3 class='av-special-heading-tag'  itemprop=\"headline\"  >Os nossos partners <\/h3><div class='special-heading-border'><div class='special-heading-inner-border' ><\/div><\/div><\/div><br \/>\n<section class=\"av_textblock_section\"  itemscope=\"itemscope\" itemtype=\"https:\/\/schema.org\/CreativeWork\" ><div class='avia_textblock '   itemprop=\"text\" ><p><img decoding=\"async\" loading=\"lazy\" class=\"alignnone size-full wp-image-2650\" src=\"http:\/\/www.havengridgroup.com\/wp-content\/uploads\/2014\/09\/httpswww.pixartprinting.itarea-personaleordini-effettuati.png\" alt=\"httpswww.pixartprinting.itarea-personaleordini-effettuati\" width=\"120\" height=\"33\" \/><img decoding=\"async\" loading=\"lazy\" class=\"alignnone size-full wp-image-4006\" src=\"http:\/\/www.havengridgroup.com\/wp-content\/uploads\/2015\/10\/laCasaAgency.png\" alt=\"laCasaAgency\" width=\"120\" height=\"83\" \/><img decoding=\"async\" loading=\"lazy\" class=\"alignnone size-full wp-image-1665\" src=\"http:\/\/www.havengridgroup.com\/wp-content\/uploads\/2015\/02\/wire_logo1.jpg\" alt=\"wire_logo\" width=\"120\" height=\"83\" \/><img decoding=\"async\" loading=\"lazy\" class=\"alignnone size-full wp-image-1860\" src=\"http:\/\/www.havengridgroup.com\/wp-content\/uploads\/2014\/09\/opisas_logo1.jpg\" alt=\"opisas_logo\" width=\"120\" height=\"83\" \/><img decoding=\"async\" loading=\"lazy\" class=\"alignnone size-full wp-image-1653\" src=\"http:\/\/www.havengridgroup.com\/wp-content\/uploads\/2015\/02\/paulo-miranda_logo1.jpg\" alt=\"paulo-miranda_logo\" width=\"120\" height=\"83\" \/><img decoding=\"async\" loading=\"lazy\" class=\"alignnone size-full wp-image-1638\" src=\"http:\/\/www.havengridgroup.com\/wp-content\/uploads\/2015\/02\/coelho_logo2.jpg\" alt=\"coelho_logo\" width=\"120\" height=\"83\" \/><\/p>\n<\/div><\/section><\/p><\/div>\n","protected":false},"excerpt":{"rendered":"","protected":false},"author":3,"featured_media":0,"parent":0,"menu_order":0,"comment_status":"closed","ping_status":"closed","template":"","meta":[],"_links":{"self":[{"href":"http:\/\/www.havengridgroup.com\/pt-br\/wp-json\/wp\/v2\/pages\/4034"}],"collection":[{"href":"http:\/\/www.havengridgroup.com\/pt-br\/wp-json\/wp\/v2\/pages"}],"about":[{"href":"http:\/\/www.havengridgroup.com\/pt-br\/wp-json\/wp\/v2\/types\/page"}],"author":[{"embeddable":true,"href":"http:\/\/www.havengridgroup.com\/pt-br\/wp-json\/wp\/v2\/users\/3"}],"replies":[{"embeddable":true,"href":"http:\/\/www.havengridgroup.com\/pt-br\/wp-json\/wp\/v2\/comments?post=4034"}],"version-history":[{"count":10,"href":"http:\/\/www.havengridgroup.com\/pt-br\/wp-json\/wp\/v2\/pages\/4034\/revisions"}],"predecessor-version":[{"id":4728,"href":"http:\/\/www.havengridgroup.com\/pt-br\/wp-json\/wp\/v2\/pages\/4034\/revisions\/4728"}],"wp:attachment":[{"href":"http:\/\/www.havengridgroup.com\/pt-br\/wp-json\/wp\/v2\/media?parent=4034"}],"curies":[{"name":"wp","href":"https:\/\/api.w.org\/{rel}","templated":true}]}}