{"id":6314,"date":"2015-11-30T15:04:05","date_gmt":"2015-11-30T14:04:05","guid":{"rendered":"http:\/\/www.havengridgroup.com\/invest-in-the-us-2\/"},"modified":"2016-01-04T17:20:05","modified_gmt":"2016-01-04T16:20:05","slug":"rendimentos-de-outros-investimentos","status":"publish","type":"page","link":"http:\/\/www.havengridgroup.com\/pt-br\/rendimentos-de-outros-investimentos\/","title":{"rendered":"Rendimentos de outros investimentos"},"content":{"rendered":"<div class=\"flex_column av_one_third  flex_column_div av-zero-column-padding first  \" style='border-radius:0px; '><p><div style='padding-bottom:10px;' class='av-special-heading av-special-heading-h2   '><h2 class='av-special-heading-tag'  itemprop=\"headline\"  >GARANTIA DE RENDA AT\u00c9 10%<\/h2><div class='special-heading-border'><div class='special-heading-inner-border' ><\/div><\/div><\/div><br \/>\n<div style='height:10px' class='hr hr-invisible '><span class='hr-inner ' ><span class='hr-inner-style'><\/span><\/span><\/div><br \/>\n<section class=\"av_textblock_section\"  itemscope=\"itemscope\" itemtype=\"https:\/\/schema.org\/CreativeWork\" ><div class='avia_textblock '   itemprop=\"text\" ><p>Grupo Havengrid, em colabora\u00e7\u00e3o com importante parceiro internacional, oferece possibilidades interessantes para o investimento imobili\u00e1rio nos <strong>Estados Unidos.<\/strong><\/p>\n<p><strong>Por que investir no os EUA?<\/strong><\/p>\n<ul>\n<li>Procedimentos de compra, administrativa, <strong>simples<\/strong>, r\u00e1pida e <strong>barata<\/strong>.<\/li>\n<li><strong>N\u00edvel de risco<\/strong> do pa\u00eds ea moeda igual a <strong>zero<\/strong>.<\/li>\n<li>O direito \u00e0 propriedade privada fortemente protegida.<\/li>\n<li><strong>Reavalia\u00e7\u00e3o segura do valor do im\u00f3vel.<\/strong><\/li>\n<\/ul>\n<p><strong>A localiza\u00e7\u00e3o da propriedade<\/strong> tamb\u00e9m \u00e9 garantida por leis rigorosas que protegem o propriet\u00e1rio.<\/p>\n<\/div><\/section><\/p><\/div>\n<div class=\"flex_column av_two_third  flex_column_div av-zero-column-padding   \" style='border-radius:0px; '><p><div  data-size='featured_large'  data-lightbox_size='large'  data-animation='slide'  data-ids='5899,5895,5871'  data-video_counter='0'  data-autoplay='true'  data-bg_slider='false'  data-slide_height=''  data-handle='av_slideshow'  data-interval='2'  data-class=''  data-css_id=''  data-scroll_down=''  data-control_layout=''  data-custom_markup=''  data-perma_caption=''  data-autoplay_stopper=''  data-default-height='42'  class='avia-slideshow avia-slideshow-1  av-default-height-applied avia-slideshow-featured_large av_slideshow  avia-slide-slider '  itemscope=\"itemscope\" itemtype=\"https:\/\/schema.org\/ImageObject\" ><ul class='avia-slideshow-inner' style='padding-bottom: 42%;'><li  class=' slide-1 ' ><div data-rel='slideshow-1' class='avia-slide-wrap'  ><img src='http:\/\/www.havengridgroup.com\/wp-content\/uploads\/2015\/11\/investire-usa-miami6-1500x630.jpg' width='1500' height='630' title='South Beach Miami, Florida' alt=''  itemprop=\"contentURL\"  \/><\/div><\/li><li  class=' slide-2 ' ><div data-rel='slideshow-1' class='avia-slide-wrap'  ><img src='http:\/\/www.havengridgroup.com\/wp-content\/uploads\/2015\/11\/investire-usa-san-francisco7-1500x630.jpg' width='1500' height='630' title='investire usa - san-francisco' alt=''  itemprop=\"contentURL\"  \/><\/div><\/li><li  class=' slide-3 ' ><div data-rel='slideshow-1' class='avia-slide-wrap'  ><img src='http:\/\/www.havengridgroup.com\/wp-content\/uploads\/2015\/11\/investire-usa-new-york4-1500x630.jpg' width='1500' height='630' title='investire usa - new-york' alt=''  itemprop=\"contentURL\"  \/><\/div><\/li><\/ul><div class='avia-slideshow-arrows avia-slideshow-controls'><a href='#prev' class='prev-slide' aria-hidden='true' data-av_icon='\ue87c' data-av_iconfont='entypo-fontello'>Anterior<\/a><a href='#next' class='next-slide' aria-hidden='true' data-av_icon='\ue87d' data-av_iconfont='entypo-fontello'>Pr\u00f3ximo<\/a><\/div><div class='avia-slideshow-dots avia-slideshow-controls'><a href='#1' class='goto-slide active' >1<\/a><a href='#2' class='goto-slide ' >2<\/a><a href='#3' class='goto-slide ' >3<\/a><\/div><\/div><br \/>\n<div style='padding-bottom:10px;' class='av-special-heading av-special-heading-h2   '><h2 class='av-special-heading-tag'  itemprop=\"headline\"  >Descubra os melhores investimentos imobili\u00e1rios na Fl\u00f3rida, Indiana, New Jersey, Carolina do Norte, Ohio, Pennsyilvania.<\/h2><div class='special-heading-border'><div class='special-heading-inner-border' ><\/div><\/div><\/div><\/p><\/div>\n<div  class='hr hr-default '><span class='hr-inner ' ><span class='hr-inner-style'><\/span><\/span><\/div>\n<div style='padding-bottom:10px;' class='av-special-heading av-special-heading-h2   '><h2 class='av-special-heading-tag'  itemprop=\"headline\"  >Solicitar informa\u00e7\u00e3o<\/h2><div class='special-heading-border'><div class='special-heading-inner-border' ><\/div><\/div><\/div>\n<article class=\"iconbox iconbox_left  \"  itemscope=\"itemscope\" itemtype=\"https:\/\/schema.org\/CreativeWork\" ><div class=\"iconbox_content\"><header class=\"entry-content-header\"><div class=\"iconbox_icon heading-color\" aria-hidden='true' data-av_icon='\ue854' data-av_iconfont='entypo-fontello'  ><\/div><h3 class='iconbox_content_title'  itemprop=\"headline\"  >+39 02 36563000<\/h3><\/header><div class='iconbox_content_container '  itemprop=\"text\"  ><section class=\"av_textblock_section\"><\/section>\n<\/div><\/div><footer class=\"entry-footer\"><\/footer><\/article>\n<form action=\"http:\/\/www.havengridgroup.com\/pt-br\/rendimentos-de-outros-investimentos\/\" method=\"post\" class=\"avia_ajax_form av-form-labels-visible   \" data-avia-form-id=\"1\" data-avia-redirect=''><fieldset><p class=' first_form  form_element form_element_half' id='element_avia_name_1'><label for=\"avia_name_1\">Name <abbr class=\"required\" title=\"required\">*<\/abbr><\/label> <input name=\"avia_name_1\" class=\"text_input is_empty\" type=\"text\" id=\"avia_name_1\" value=\"\" \/><\/p><p class=' form_element form_element_half' id='element_avia_e-mail_1'><label for=\"avia_e-mail_1\">E-Mail <abbr class=\"required\" title=\"required\">*<\/abbr><\/label> <input name=\"avia_e-mail_1\" class=\"text_input is_email\" type=\"text\" id=\"avia_e-mail_1\" value=\"\" \/><\/p><p class=' first_form  form_element form_fullwidth' id='element_avia_message_1'>\t <label for=\"avia_message_1\" class=\"textare_label hidden textare_label_avia_message_1\">Message <abbr class=\"required\" title=\"required\">*<\/abbr><\/label>\t <textarea  name=\"avia_message_1\" class=\"text_area is_empty\" cols=\"40\" rows=\"7\" id=\"avia_message_1\" ><\/textarea><\/p><p class=\"hidden\"><input type=\"text\" name=\"avia_avia_username_1\" class=\"hidden \" id=\"avia_avia_username_1\" value=\"\" \/><\/p><p class='' id='element_avia_avia_age_1'>    <span class='value_verifier_label'>1 + 2 = ?<\/span>    <input name=\"avia_avia_age_1_verifier\" type=\"hidden\" id=\"avia_avia_age_1_verifier\" value=\"771583415\"\/><label for=\"avia_avia_age_1\">Please prove that you are human by solving the equation <abbr class=\"required\" title=\"required\">*<\/abbr><\/label>    <input name=\"avia_avia_age_1\" class=\"text_input captcha\" type=\"text\" id=\"avia_avia_age_1\" value=\"\"\/><\/p><p class=\"form_element \"><input type=\"hidden\" value=\"1\" name=\"avia_generated_form1\" \/><input type=\"submit\" value=\"Submit\" class=\"button\"  data-sending-label=\"Sending\"\/><\/p><\/fieldset><\/form><div id=\"ajaxresponse_1\" class=\"ajaxresponse ajaxresponse_1 hidden\"><\/div>\n","protected":false},"excerpt":{"rendered":"","protected":false},"author":3,"featured_media":0,"parent":0,"menu_order":0,"comment_status":"open","ping_status":"closed","template":"","meta":[],"_links":{"self":[{"href":"http:\/\/www.havengridgroup.com\/pt-br\/wp-json\/wp\/v2\/pages\/6314"}],"collection":[{"href":"http:\/\/www.havengridgroup.com\/pt-br\/wp-json\/wp\/v2\/pages"}],"about":[{"href":"http:\/\/www.havengridgroup.com\/pt-br\/wp-json\/wp\/v2\/types\/page"}],"author":[{"embeddable":true,"href":"http:\/\/www.havengridgroup.com\/pt-br\/wp-json\/wp\/v2\/users\/3"}],"replies":[{"embeddable":true,"href":"http:\/\/www.havengridgroup.com\/pt-br\/wp-json\/wp\/v2\/comments?post=6314"}],"version-history":[{"count":4,"href":"http:\/\/www.havengridgroup.com\/pt-br\/wp-json\/wp\/v2\/pages\/6314\/revisions"}],"predecessor-version":[{"id":6315,"href":"http:\/\/www.havengridgroup.com\/pt-br\/wp-json\/wp\/v2\/pages\/6314\/revisions\/6315"}],"wp:attachment":[{"href":"http:\/\/www.havengridgroup.com\/pt-br\/wp-json\/wp\/v2\/media?parent=6314"}],"curies":[{"name":"wp","href":"https:\/\/api.w.org\/{rel}","templated":true}]}}