{"id":6676,"date":"2015-12-28T15:14:34","date_gmt":"2015-12-28T14:14:34","guid":{"rendered":"http:\/\/www.havengridgroup.com\/hotels-resorts-2\/"},"modified":"2018-12-04T09:12:14","modified_gmt":"2018-12-04T08:12:14","slug":"hotels-resorts","status":"publish","type":"page","link":"http:\/\/www.havengridgroup.com\/pt-br\/hotels-resorts\/","title":{"rendered":"Hotels &#038; Resorts"},"content":{"rendered":"<div class=\"flex_column av_one_third  flex_column_div av-zero-column-padding first  \" style='border-radius:0px; '><p><div style='padding-bottom:10px;' class='av-special-heading av-special-heading-h2    '><h2 class='av-special-heading-tag'  itemprop=\"headline\"  >Hospitality<br \/>\nreal estate<\/h2><div class='special-heading-border'><div class='special-heading-inner-border' ><\/div><\/div><\/div><br \/>\n<div style='height:10px' class='hr hr-invisible '><span class='hr-inner ' ><span class='hr-inner-style'><\/span><\/span><\/div><br \/>\n<section class=\"av_textblock_section\"  itemscope=\"itemscope\" itemtype=\"https:\/\/schema.org\/CreativeWork\" ><div class='avia_textblock '   itemprop=\"text\" ><p>Havengrid Group tamb\u00e9m desenvolveu projetos imobili\u00e1rios com caracter\u00edsticas espec\u00edficas para a ind\u00fastria da hospitalidade. <a href=\"http:\/\/www.havengridgroup.com\/pt\/portfolio\/residence-waterfront-1\/\" target=\"_blank\">Residence Waterfront<\/a> \u00e9 o primeiro projeto real para o <strong>mercado tur\u00edstico<\/strong>, com foco em servi\u00e7os ao cliente. A aquisi\u00e7\u00e3o e gest\u00e3o do Lodge <strong>Resort &#8220;Domaine de Lokobe&#8221; em Madag\u00e1scar<\/strong>, tem contribu\u00eddo para o crescimento do know-how da empresa nesta \u00e1rea.<\/p>\n<p>No Brasil, est\u00e1 desenvolvendo o projeto \u201cMagia\u201d, que inclui um alojamento tur\u00edstico, o<strong> Resort &#8220;Magia Macei\u00f2&#8221;<\/strong> e uma \u00e1rea residencial, o <a href=\"http:\/\/www.havengridgroup.com\/pt\/portfolio\/magia-apart-hotel-le-5-terre\/\" target=\"_blank\">Apart Hotel \u201cLe 5 Terre\u201d.<\/a><\/p>\n<p>Havengrid Group tamb\u00e9m est\u00e1 desenvolvendo novos projetos para hot\u00e9is e resorts, que ser\u00e3o apresentados no curso de 2016.<\/p>\n<\/div><\/section><\/p><\/div><div class=\"flex_column av_two_third  flex_column_div av-zero-column-padding   \" style='border-radius:0px; '><p><div  data-size='featured'  data-lightbox_size='large'  data-animation='slide'  data-ids='6529,1972'  data-video_counter='0'  data-autoplay='false'  data-bg_slider='false'  data-slide_height=''  data-handle='av_slideshow'  data-interval='5'  data-class=''  data-css_id=''  data-scroll_down=''  data-control_layout=''  data-custom_markup=''  data-perma_caption=''  data-autoplay_stopper=''  data-default-height='28.6666666667'  class='avia-slideshow avia-slideshow-1  av-default-height-applied avia-slideshow-featured av_slideshow  avia-slide-slider '  itemscope=\"itemscope\" itemtype=\"https:\/\/schema.org\/ImageObject\" ><ul class='avia-slideshow-inner' style='padding-bottom: 43%;'><li  class=' slide-1 ' ><div data-rel='slideshow-1' class='avia-slide-wrap'  ><img src='http:\/\/www.havengridgroup.com\/wp-content\/uploads\/2015\/12\/IMG_6632_ld-1000x430.jpg' width='1000' height='430' title='IMG_6632_ld' alt=''  itemprop=\"contentURL\"  \/><\/div><\/li><li  class=' slide-2 ' ><div data-rel='slideshow-1' class='avia-slide-wrap'  ><img src='http:\/\/www.havengridgroup.com\/wp-content\/uploads\/2014\/10\/residence-waterfront-brasil_04-1500x430.jpg' width='1500' height='430' title='residence-waterfront-brasil_04' alt=''  itemprop=\"contentURL\"  \/><\/div><\/li><\/ul><div class='avia-slideshow-arrows avia-slideshow-controls'><a href='#prev' class='prev-slide' aria-hidden='true' data-av_icon='\ue87c' data-av_iconfont='entypo-fontello'>Anterior<\/a><a href='#next' class='next-slide' aria-hidden='true' data-av_icon='\ue87d' data-av_iconfont='entypo-fontello'>Pr\u00f3ximo<\/a><\/div><div class='avia-slideshow-dots avia-slideshow-controls'><a href='#1' class='goto-slide active' >1<\/a><a href='#2' class='goto-slide ' >2<\/a><\/div><\/div><br \/>\n<div style='padding-bottom:10px;' class='av-special-heading av-special-heading-h2    '><h2 class='av-special-heading-tag'  itemprop=\"headline\"  >LUXO E TECNOLOGIAS MODERNAS PARA UM NOVO CONCEITO DE HOSPITALIDADE<\/h2><div class='special-heading-border'><div class='special-heading-inner-border' ><\/div><\/div><\/div><\/p><\/div><\/p>\n<div class=\"flex_column av_one_third  flex_column_div av-zero-column-padding first  \" style='border-radius:0px; '><div  data-size='portfolio'  data-lightbox_size='large'  data-animation='slide'  data-ids='7034,1910,1938,1920,1959,1923'  data-video_counter='0'  data-autoplay='false'  data-bg_slider='false'  data-slide_height=''  data-handle='av_slideshow'  data-interval='5'  data-class=' avia-small-width-slider'  data-css_id=''  data-scroll_down=''  data-control_layout=''  data-custom_markup=''  data-perma_caption=''  data-autoplay_stopper=''  data-default-height='80.8080808081'  class='avia-slideshow avia-slideshow-2  av-default-height-applied avia-slideshow-portfolio av_slideshow  avia-small-width-slider avia-slide-slider '  itemscope=\"itemscope\" itemtype=\"https:\/\/schema.org\/ImageObject\" ><ul class='avia-slideshow-inner' style='padding-bottom: 80.8080808081%;'><li  class=' slide-1 ' ><a href='http:\/\/www.havengridgroup.com\/wp-content\/uploads\/2015\/12\/RENDERING_Waterfront_GERAL-1030x605.jpg' data-rel='slideshow-2' class='avia-slide-wrap'  ><img src='http:\/\/www.havengridgroup.com\/wp-content\/uploads\/2015\/12\/RENDERING_Waterfront_GERAL-495x400.jpg' width='495' height='400' title='RENDERING_Waterfront_GERAL' alt=''  itemprop=\"contentURL\"  \/><\/a><\/li><li  class=' slide-2 ' ><a href='http:\/\/www.havengridgroup.com\/wp-content\/uploads\/2014\/10\/residence-waterfront-brasil-01.jpg' data-rel='slideshow-2' class='avia-slide-wrap'  ><img src='http:\/\/www.havengridgroup.com\/wp-content\/uploads\/2014\/10\/residence-waterfront-brasil-01-495x400.jpg' width='495' height='400' title='residence-waterfront-brasil-01' alt=''  itemprop=\"contentURL\"  \/><\/a><\/li><li  class=' slide-3 ' ><a href='http:\/\/www.havengridgroup.com\/wp-content\/uploads\/2014\/10\/residence-waterfront-brasil-081.jpg' data-rel='slideshow-2' class='avia-slide-wrap'  ><img src='http:\/\/www.havengridgroup.com\/wp-content\/uploads\/2014\/10\/residence-waterfront-brasil-081-495x400.jpg' width='495' height='400' title='residence-waterfront-brasil-08' alt=''  itemprop=\"contentURL\"  \/><\/a><\/li><li  class=' slide-4 ' ><a href='http:\/\/www.havengridgroup.com\/wp-content\/uploads\/2014\/10\/residence-waterfront-brasil-022.jpg' data-rel='slideshow-2' class='avia-slide-wrap'  ><img src='http:\/\/www.havengridgroup.com\/wp-content\/uploads\/2014\/10\/residence-waterfront-brasil-022-495x400.jpg' width='495' height='400' title='residence-waterfront-brasil-02' alt=''  itemprop=\"contentURL\"  \/><\/a><\/li><li  class=' slide-5 ' ><a href='http:\/\/www.havengridgroup.com\/wp-content\/uploads\/2014\/10\/residence-waterfront-brasil-131.jpg' data-rel='slideshow-2' class='avia-slide-wrap'  ><img src='http:\/\/www.havengridgroup.com\/wp-content\/uploads\/2014\/10\/residence-waterfront-brasil-131-495x400.jpg' width='495' height='400' title='residence-waterfront-brasil-13' alt=''  itemprop=\"contentURL\"  \/><\/a><\/li><li  class=' slide-6 ' ><a href='http:\/\/www.havengridgroup.com\/wp-content\/uploads\/2014\/10\/residence-waterfront-brasil-031.jpg' data-rel='slideshow-2' class='avia-slide-wrap'  ><img src='http:\/\/www.havengridgroup.com\/wp-content\/uploads\/2014\/10\/residence-waterfront-brasil-031-495x400.jpg' width='495' height='400' title='residence-waterfront-brasil-03' alt=''  itemprop=\"contentURL\"  \/><\/a><\/li><\/ul><div class='avia-slideshow-arrows avia-slideshow-controls'><a href='#prev' class='prev-slide' aria-hidden='true' data-av_icon='\ue87c' data-av_iconfont='entypo-fontello'>Anterior<\/a><a href='#next' class='next-slide' aria-hidden='true' data-av_icon='\ue87d' data-av_iconfont='entypo-fontello'>Pr\u00f3ximo<\/a><\/div><div class='avia-slideshow-dots avia-slideshow-controls'><a href='#1' class='goto-slide active' >1<\/a><a href='#2' class='goto-slide ' >2<\/a><a href='#3' class='goto-slide ' >3<\/a><a href='#4' class='goto-slide ' >4<\/a><a href='#5' class='goto-slide ' >5<\/a><a href='#6' class='goto-slide ' >6<\/a><\/div><\/div><\/div>\n<div class=\"flex_column av_one_third  flex_column_div av-zero-column-padding   \" style='border-radius:0px; '><div id='av_gmap_1' class='avia-google-map-container' data-mapid='1' style='height: 300px;'><\/div><\/div>\n<div class=\"flex_column av_one_third  flex_column_div av-zero-column-padding   \" style='border-radius:0px; '><p><div style='padding-bottom:10px;' class='av-special-heading av-special-heading-h3   '><h3 class='av-special-heading-tag'  itemprop=\"headline\"  >Residence Waterfront (Brasil)<\/h3><div class='special-heading-border'><div class='special-heading-inner-border' ><\/div><\/div><\/div><br \/>\n<section class=\"av_textblock_section\"  itemscope=\"itemscope\" itemtype=\"https:\/\/schema.org\/CreativeWork\" ><div class='avia_textblock '   itemprop=\"text\" ><div dir=\"ltr\"><span id=\"result_box\" class=\"short_text\" lang=\"pt\"><span class=\"hps\"><strong>Localiza\u00e7\u00e3o e arredores<\/strong><br \/>\n<\/span><\/span><span id=\"result_box\" class=\"\" lang=\"pt\"><span class=\"hps\">Localizado na praia<\/span> <span class=\"hps\">privada e<\/span> <span class=\"hps\">paradis\u00edaca<\/span> <span class=\"hps\">Ipioca<\/span>, no litoral <span class=\"hps\">norte de<\/span> <span class=\"hps\">Macei\u00f3,<\/span> <span class=\"hps\">uma \u00e1rea em<\/span> <span class=\"hps\">expans\u00e3o e<\/span> <span class=\"hps\">crescimento de valor<\/span><span class=\"\">.<\/span><\/span><\/div>\n<p><strong><span id=\"result_box\" class=\"short_text\" lang=\"pt\"><span class=\"hps\">Servi\u00e7o<br \/>\n<\/span><\/span><\/strong><span id=\"result_box\" class=\"\" lang=\"pt\"><span class=\"hps\">Recep\u00e7\u00e3o, restaurante,<\/span> <span class=\"hps\">fitness center<\/span>, piscina <span class=\"hps\">para adultos e crian\u00e7as<\/span>, jacuzzi, <span class=\"hps\">servi\u00e7o de praia<\/span>, bar <span class=\"hps\">e estacionamento.<\/span><\/span><\/p>\n<p><strong><span id=\"result_box\" class=\"\" lang=\"pt\"><span class=\"hps\">Lazer<\/span><span class=\"\">, divers\u00e3o para<\/span> <span class=\"hps\">voc\u00ea e sua fam\u00edlia<\/span><span class=\"\">!<\/span><\/span><\/strong><\/p>\n<\/div><\/section><br \/>\n<div class='avia-button-wrap avia-button-right '><a href='http:\/\/www.havengridgroup.com\/pt-br\/portfolio\/residence-waterfront-1\/' class='avia-button  avia-icon_select-yes-left-icon avia-color-theme-color avia-size-small avia-position-right '   ><span class='avia_button_icon avia_button_icon_left ' aria-hidden='true' data-av_icon='\ue84b' data-av_iconfont='entypo-fontello'><\/span><span class='avia_iconbox_title' >Descri\u00e7\u00e3o da vis\u00e3o<\/span><\/a><\/div><\/p><\/div>\n<div class=\"flex_column av_one_third  flex_column_div av-zero-column-padding first  \" style='border-radius:0px; '><div  data-size='portfolio'  data-lightbox_size='large'  data-animation='slide'  data-ids='6391,6427,6435,6403,6439,6486,6490,6498'  data-video_counter='0'  data-autoplay='false'  data-bg_slider='false'  data-slide_height=''  data-handle='av_slideshow'  data-interval='5'  data-class=' avia-small-width-slider'  data-css_id=''  data-scroll_down=''  data-control_layout=''  data-custom_markup=''  data-perma_caption=''  data-autoplay_stopper=''  data-default-height='80.8080808081'  class='avia-slideshow avia-slideshow-3  av-default-height-applied avia-slideshow-portfolio av_slideshow  avia-small-width-slider avia-slide-slider '  itemscope=\"itemscope\" itemtype=\"https:\/\/schema.org\/ImageObject\" ><ul class='avia-slideshow-inner' style='padding-bottom: 80.8080808081%;'><li  class=' slide-1 ' ><a href='http:\/\/www.havengridgroup.com\/wp-content\/uploads\/2015\/12\/Magia_FACHADA-1-1030x579.jpg' data-rel='slideshow-3' class='avia-slide-wrap'  ><img src='http:\/\/www.havengridgroup.com\/wp-content\/uploads\/2015\/12\/Magia_FACHADA-1-495x400.jpg' width='495' height='400' title='Magia_FACHADA 1' alt=''  itemprop=\"contentURL\"  \/><\/a><\/li><li  class=' slide-2 ' ><a href='http:\/\/www.havengridgroup.com\/wp-content\/uploads\/2015\/12\/Magia_PISCINA-2-1030x579.jpg' data-rel='slideshow-3' class='avia-slide-wrap'  ><img src='http:\/\/www.havengridgroup.com\/wp-content\/uploads\/2015\/12\/Magia_PISCINA-2-495x400.jpg' width='495' height='400' title='Magia_PISCINA 2' alt=''  itemprop=\"contentURL\"  \/><\/a><\/li><li  class=' slide-3 ' ><a href='http:\/\/www.havengridgroup.com\/wp-content\/uploads\/2015\/12\/Magia_RECEPCAO-1030x579.jpg' data-rel='slideshow-3' class='avia-slide-wrap'  ><img src='http:\/\/www.havengridgroup.com\/wp-content\/uploads\/2015\/12\/Magia_RECEPCAO-495x400.jpg' width='495' height='400' title='Magia_RECEPCAO' alt=''  itemprop=\"contentURL\"  \/><\/a><\/li><li  class=' slide-4 ' ><a href='http:\/\/www.havengridgroup.com\/wp-content\/uploads\/2015\/12\/Magia_HALL-ESCADA-1-1030x579.jpg' data-rel='slideshow-3' class='avia-slide-wrap'  ><img src='http:\/\/www.havengridgroup.com\/wp-content\/uploads\/2015\/12\/Magia_HALL-ESCADA-1-495x400.jpg' width='495' height='400' title='Magia_HALL ESCADA 1' alt=''  itemprop=\"contentURL\"  \/><\/a><\/li><li  class=' slide-5 ' ><a href='http:\/\/www.havengridgroup.com\/wp-content\/uploads\/2015\/12\/Magia_REST-ALACARTE-1030x579.jpg' data-rel='slideshow-3' class='avia-slide-wrap'  ><img src='http:\/\/www.havengridgroup.com\/wp-content\/uploads\/2015\/12\/Magia_REST-ALACARTE-495x400.jpg' width='495' height='400' title='Magia_REST ALACARTE' alt=''  itemprop=\"contentURL\"  \/><\/a><\/li><li  class=' slide-6 ' ><div data-rel='slideshow-3' class='avia-slide-wrap'  ><img src='http:\/\/www.havengridgroup.com\/wp-content\/uploads\/2015\/12\/Magia_SUITE-B2-495x400.jpg' width='495' height='400' title='Magia_SUITE B2' alt=''  itemprop=\"contentURL\"  \/><\/div><\/li><li  class=' slide-7 ' ><div data-rel='slideshow-3' class='avia-slide-wrap'  ><img src='http:\/\/www.havengridgroup.com\/wp-content\/uploads\/2015\/12\/Magia_SUITE-C1-495x400.jpg' width='495' height='400' title='Magia_SUITE C1' alt=''  itemprop=\"contentURL\"  \/><\/div><\/li><li  class=' slide-8 ' ><div data-rel='slideshow-3' class='avia-slide-wrap'  ><img src='http:\/\/www.havengridgroup.com\/wp-content\/uploads\/2015\/12\/Magia_SUITE-A1-495x400.jpg' width='495' height='400' title='Magia_SUITE A1' alt=''  itemprop=\"contentURL\"  \/><\/div><\/li><\/ul><div class='avia-slideshow-arrows avia-slideshow-controls'><a href='#prev' class='prev-slide' aria-hidden='true' data-av_icon='\ue87c' data-av_iconfont='entypo-fontello'>Anterior<\/a><a href='#next' class='next-slide' aria-hidden='true' data-av_icon='\ue87d' data-av_iconfont='entypo-fontello'>Pr\u00f3ximo<\/a><\/div><div class='avia-slideshow-dots avia-slideshow-controls'><a href='#1' class='goto-slide active' >1<\/a><a href='#2' class='goto-slide ' >2<\/a><a href='#3' class='goto-slide ' >3<\/a><a href='#4' class='goto-slide ' >4<\/a><a href='#5' class='goto-slide ' >5<\/a><a href='#6' class='goto-slide ' >6<\/a><a href='#7' class='goto-slide ' >7<\/a><a href='#8' class='goto-slide ' >8<\/a><\/div><\/div><\/div>\n<div class=\"flex_column av_one_third  flex_column_div av-zero-column-padding   \" style='border-radius:0px; '><div id='av_gmap_2' class='avia-google-map-container' data-mapid='2' style='height: 300px;'><\/div><\/div>\n<div class=\"flex_column av_one_third  flex_column_div av-zero-column-padding   \" style='border-radius:0px; '><p><div style='padding-bottom:10px;' class='av-special-heading av-special-heading-h3   '><h3 class='av-special-heading-tag'  itemprop=\"headline\"  >Magia Macei\u00f3 (Brasil)<\/h3><div class='special-heading-border'><div class='special-heading-inner-border' ><\/div><\/div><\/div><br \/>\n<section class=\"av_textblock_section\"  itemscope=\"itemscope\" itemtype=\"https:\/\/schema.org\/CreativeWork\" ><div class='avia_textblock '   itemprop=\"text\" ><div dir=\"ltr\"><span id=\"result_box\" class=\"short_text\" lang=\"pt\"><span class=\"hps\"><strong>Localiza\u00e7\u00e3o e arredores<\/strong><br \/>\n<\/span><\/span>Este grandioso empreendimento conta com um projeto arquitet\u00f4nico ultra-moderno e ecol\u00f3gico.<\/div>\n<p><strong><span id=\"result_box\" class=\"short_text\" lang=\"pt\"><span class=\"hps\">Servi\u00e7o<br \/>\n<\/span><\/span><\/strong>Ua \u00e1rea total passa dos 90.000 m\u00b2 e sua estrutura conta com spa, teatro e quatro restaurantes. Para os h\u00f3spedes, o resort oferecer\u00e1 variadas op\u00e7\u00f5es de gastrononia, relaxamento e entretenimento, incluindo apresenta\u00e7\u00f5es art\u00edsticas di\u00e1rias. As acomoda\u00e7\u00f5es ser\u00e3o equipadas com itens de tecnologia de ponta e oferecer\u00e3o uma experi\u00eancia completa de f\u00e9rias e luxo.<\/p>\n<p><strong>Projeto arquitet\u00f4nico ultra-moderno e ecol\u00f3gico!<\/strong><\/p>\n<\/div><\/section><br \/>\n<div class='avia-button-wrap avia-button-right '><a href='http:\/\/www.havengridgroup.com\/pt-br\/portfolio\/magia-maceio\/' class='avia-button  avia-icon_select-yes-left-icon avia-color-theme-color avia-size-small avia-position-right '   ><span class='avia_button_icon avia_button_icon_left ' aria-hidden='true' data-av_icon='\ue84b' data-av_iconfont='entypo-fontello'><\/span><span class='avia_iconbox_title' >Descri\u00e7\u00e3o da vis\u00e3o<\/span><\/a><\/div><\/p><\/div>\n<div  class='hr hr-default '><span class='hr-inner ' ><span class='hr-inner-style'><\/span><\/span><\/div>\n<div class=\"flex_column av_one_third  flex_column_div av-zero-column-padding first  \" style='border-radius:0px; '><div  data-size='portfolio'  data-lightbox_size='large'  data-animation='slide'  data-ids='6618,6622,6582,6642,6526,6518'  data-video_counter='0'  data-autoplay='false'  data-bg_slider='false'  data-slide_height=''  data-handle='av_slideshow'  data-interval='5'  data-class=' avia-small-width-slider'  data-css_id=''  data-scroll_down=''  data-control_layout=''  data-custom_markup=''  data-perma_caption=''  data-autoplay_stopper=''  data-default-height='80.8080808081'  class='avia-slideshow avia-slideshow-4  av-default-height-applied avia-slideshow-portfolio av_slideshow  avia-small-width-slider avia-slide-slider '  itemscope=\"itemscope\" itemtype=\"https:\/\/schema.org\/ImageObject\" ><ul class='avia-slideshow-inner' style='padding-bottom: 80.8080808081%;'><li  class=' slide-1 ' ><a href='http:\/\/www.havengridgroup.com\/wp-content\/uploads\/2015\/12\/IMG_6377_ld.jpg' data-rel='slideshow-4' class='avia-slide-wrap'  ><img src='http:\/\/www.havengridgroup.com\/wp-content\/uploads\/2015\/12\/IMG_6377_ld-495x400.jpg' width='495' height='400' title='IMG_6377_ld' alt=''  itemprop=\"contentURL\"  \/><\/a><\/li><li  class=' slide-2 ' ><a href='http:\/\/www.havengridgroup.com\/wp-content\/uploads\/2015\/12\/IMG_6425_ld.jpg' data-rel='slideshow-4' class='avia-slide-wrap'  ><img src='http:\/\/www.havengridgroup.com\/wp-content\/uploads\/2015\/12\/IMG_6425_ld-495x400.jpg' width='495' height='400' title='IMG_6425_ld' alt=''  itemprop=\"contentURL\"  \/><\/a><\/li><li  class=' slide-3 ' ><a href='http:\/\/www.havengridgroup.com\/wp-content\/uploads\/2015\/12\/IMG_5798_ld-1030x686.jpg' data-rel='slideshow-4' class='avia-slide-wrap'  ><img src='http:\/\/www.havengridgroup.com\/wp-content\/uploads\/2015\/12\/IMG_5798_ld-495x400.jpg' width='495' height='400' title='IMG_5798_ld' alt=''  itemprop=\"contentURL\"  \/><\/a><\/li><li  class=' slide-4 ' ><a href='http:\/\/www.havengridgroup.com\/wp-content\/uploads\/2015\/12\/IMG_6509_ld-687x1030.jpg' data-rel='slideshow-4' class='avia-slide-wrap'  ><img src='http:\/\/www.havengridgroup.com\/wp-content\/uploads\/2015\/12\/IMG_6509_ld-495x400.jpg' width='495' height='400' title='IMG_6509_ld' alt=''  itemprop=\"contentURL\"  \/><\/a><\/li><li  class=' slide-5 ' ><a href='http:\/\/www.havengridgroup.com\/wp-content\/uploads\/2015\/12\/IMG_6632_ld.jpg' data-rel='slideshow-4' class='avia-slide-wrap'  ><img src='http:\/\/www.havengridgroup.com\/wp-content\/uploads\/2015\/12\/IMG_6632_ld-495x400.jpg' width='495' height='400' title='IMG_6632_ld' alt=''  itemprop=\"contentURL\"  \/><\/a><\/li><li  class=' slide-6 ' ><a href='http:\/\/www.havengridgroup.com\/wp-content\/uploads\/2015\/12\/IMG_6578_ld.jpg' data-rel='slideshow-4' class='avia-slide-wrap'  ><img src='http:\/\/www.havengridgroup.com\/wp-content\/uploads\/2015\/12\/IMG_6578_ld-495x400.jpg' width='495' height='400' title='IMG_6578_ld' alt=''  itemprop=\"contentURL\"  \/><\/a><\/li><\/ul><div class='avia-slideshow-arrows avia-slideshow-controls'><a href='#prev' class='prev-slide' aria-hidden='true' data-av_icon='\ue87c' data-av_iconfont='entypo-fontello'>Anterior<\/a><a href='#next' class='next-slide' aria-hidden='true' data-av_icon='\ue87d' data-av_iconfont='entypo-fontello'>Pr\u00f3ximo<\/a><\/div><div class='avia-slideshow-dots avia-slideshow-controls'><a href='#1' class='goto-slide active' >1<\/a><a href='#2' class='goto-slide ' >2<\/a><a href='#3' class='goto-slide ' >3<\/a><a href='#4' class='goto-slide ' >4<\/a><a href='#5' class='goto-slide ' >5<\/a><a href='#6' class='goto-slide ' >6<\/a><\/div><\/div><\/div>\n<div class=\"flex_column av_one_third  flex_column_div av-zero-column-padding   \" style='border-radius:0px; '><div id='av_gmap_3' class='avia-google-map-container' data-mapid='3' style='height: 300px;'><\/div><\/div>\n<div class=\"flex_column av_one_third  flex_column_div av-zero-column-padding   \" style='border-radius:0px; '><p><div style='padding-bottom:10px;' class='av-special-heading av-special-heading-h3    '><h3 class='av-special-heading-tag'  itemprop=\"headline\"  >Domaine de Lokobe (Madagascar)<\/h3><div class='special-heading-border'><div class='special-heading-inner-border' ><\/div><\/div><\/div><br \/>\n<section class=\"av_textblock_section\"  itemscope=\"itemscope\" itemtype=\"https:\/\/schema.org\/CreativeWork\" ><div class='avia_textblock '   itemprop=\"text\" ><p><strong>Localiza\u00e7\u00e3o e arredores<\/strong><br \/>\nSituado em uma praia particular em Nosy Be, em Madagascar, este hotel fica na mesma regi\u00e3o que Reserva Natural de Lokobe e Lemuria Land Park.<\/p>\n<p><strong>Servi\u00e7o<\/strong><br \/>\nDomaine de Lokobe oferece um restaurante e uma praia particular, al\u00e9m de um bar na praia e um bar\/lounge.<\/p>\n<p><strong>Mar lodge-resort, rodeado por uma exuberante Lokobe reserva natural!<br \/>\n<\/strong><\/p>\n<\/div><\/section><br \/>\n<div class='avia-button-wrap avia-button-right '><a href='http:\/\/www.havengridgroup.com\/pt-br\/portfolio\/domaine-de-lokobe\/' class='avia-button  avia-icon_select-yes-left-icon avia-color-theme-color avia-size-small avia-position-right '   ><span class='avia_button_icon avia_button_icon_left ' aria-hidden='true' data-av_icon='\ue84b' data-av_iconfont='entypo-fontello'><\/span><span class='avia_iconbox_title' >Descri\u00e7\u00e3o da vis\u00e3o<\/span><\/a><\/div><\/p><\/div>\n","protected":false},"excerpt":{"rendered":"","protected":false},"author":3,"featured_media":0,"parent":0,"menu_order":0,"comment_status":"open","ping_status":"open","template":"","meta":[],"_links":{"self":[{"href":"http:\/\/www.havengridgroup.com\/pt-br\/wp-json\/wp\/v2\/pages\/6676"}],"collection":[{"href":"http:\/\/www.havengridgroup.com\/pt-br\/wp-json\/wp\/v2\/pages"}],"about":[{"href":"http:\/\/www.havengridgroup.com\/pt-br\/wp-json\/wp\/v2\/types\/page"}],"author":[{"embeddable":true,"href":"http:\/\/www.havengridgroup.com\/pt-br\/wp-json\/wp\/v2\/users\/3"}],"replies":[{"embeddable":true,"href":"http:\/\/www.havengridgroup.com\/pt-br\/wp-json\/wp\/v2\/comments?post=6676"}],"version-history":[{"count":18,"href":"http:\/\/www.havengridgroup.com\/pt-br\/wp-json\/wp\/v2\/pages\/6676\/revisions"}],"predecessor-version":[{"id":11108,"href":"http:\/\/www.havengridgroup.com\/pt-br\/wp-json\/wp\/v2\/pages\/6676\/revisions\/11108"}],"wp:attachment":[{"href":"http:\/\/www.havengridgroup.com\/pt-br\/wp-json\/wp\/v2\/media?parent=6676"}],"curies":[{"name":"wp","href":"https:\/\/api.w.org\/{rel}","templated":true}]}}