{"id":8508,"date":"2016-04-05T14:48:49","date_gmt":"2016-04-05T12:48:49","guid":{"rendered":"http:\/\/www.havengridgroup.com\/pt-br\/investire-usa-uk\/"},"modified":"2016-04-11T16:29:52","modified_gmt":"2016-04-11T14:29:52","slug":"investir-no-os-uk-usa","status":"publish","type":"page","link":"http:\/\/www.havengridgroup.com\/pt-br\/investir-no-os-uk-usa\/","title":{"rendered":"Investir no os UK, USA"},"content":{"rendered":"<div class=\"flex_column av_one_third  flex_column_div av-zero-column-padding first  \" style='border-radius:0px; '><p><div style='padding-bottom:10px;' class='av-special-heading av-special-heading-h2   '><h2 class='av-special-heading-tag'  itemprop=\"headline\"  >INCOME UP TO 10%<\/h2><div class='special-heading-border'><div class='special-heading-inner-border' ><\/div><\/div><\/div><br \/>\n<div style='height:10px' class='hr hr-invisible '><span class='hr-inner ' ><span class='hr-inner-style'><\/span><\/span><\/div><br \/>\n<section class=\"av_textblock_section\"  itemscope=\"itemscope\" itemtype=\"https:\/\/schema.org\/CreativeWork\" ><div class='avia_textblock '   itemprop=\"text\" ><p>Grupo Havengrid, em colabora\u00e7\u00e3o com o maior parceiro internacional, oferece de investimento imobili\u00e1rio interessante no Reino Unido.<\/p>\n<p><strong>Por que investir no Reino Unido?<br \/>\n<\/strong>Legisla\u00e7\u00e3o fiscal favor\u00e1vel, loca\u00e7\u00f5es com alta<strong> renda anual<\/strong>, moeda est\u00e1vel, possibilidade de investir em uma empresa (Ltd, Confian\u00e7a, etc com baixo custo de abertura, manuten\u00e7\u00e3o e significativas vantagens fiscais), mercado imobili\u00e1rio em<strong> forte crescimento<\/strong>.<\/p>\n<p>Processo de compra transparente e leis que<strong> protegem os propriet\u00e1rios do im\u00f3vel<\/strong> tamb\u00e9m nas loca\u00e7\u00f5es.<\/p>\n<\/div><\/section><\/p><\/div>\n<div class=\"flex_column av_two_third  flex_column_div av-zero-column-padding   \" style='border-radius:0px; '><p><div  data-size='featured_large'  data-lightbox_size='large'  data-animation='slide'  data-ids='5965,5832,5863,5895,5871'  data-video_counter='0'  data-autoplay='true'  data-bg_slider='false'  data-slide_height=''  data-handle='av_slideshow'  data-interval='3'  data-class=''  data-css_id=''  data-scroll_down=''  data-control_layout=''  data-custom_markup=''  data-perma_caption=''  data-autoplay_stopper=''  data-default-height='42'  class='avia-slideshow avia-slideshow-1  av-default-height-applied avia-slideshow-featured_large av_slideshow  avia-slide-slider '  itemscope=\"itemscope\" itemtype=\"https:\/\/schema.org\/ImageObject\" ><ul class='avia-slideshow-inner' style='padding-bottom: 46.7359050445%;'><li  class=' slide-1 ' ><div data-rel='slideshow-1' class='avia-slide-wrap'  ><img src='http:\/\/www.havengridgroup.com\/wp-content\/uploads\/2015\/12\/investire-uk-london-bus6-1348x630.jpg' width='1348' height='630' title='investire uk- london bus' alt=''  itemprop=\"contentURL\"  \/><\/div><\/li><li  class=' slide-2 ' ><div data-rel='slideshow-1' class='avia-slide-wrap'  ><img src='http:\/\/www.havengridgroup.com\/wp-content\/uploads\/2015\/11\/investire-uk-london-from-baloon-1500x630.jpg' width='1500' height='630' title='OLYMPUS DIGITAL CAMERA' alt=''  itemprop=\"contentURL\"  \/><\/div><\/li><li  class=' slide-3 ' ><div data-rel='slideshow-1' class='avia-slide-wrap'  ><img src='http:\/\/www.havengridgroup.com\/wp-content\/uploads\/2015\/11\/investire-uk-cambridge-1500x630.jpg' width='1500' height='630' title='investire uk-cambridge' alt=''  itemprop=\"contentURL\"  \/><\/div><\/li><li  class=' slide-4 ' ><div data-rel='slideshow-1' class='avia-slide-wrap'  ><img src='http:\/\/www.havengridgroup.com\/wp-content\/uploads\/2015\/11\/investire-usa-san-francisco7-1500x630.jpg' width='1500' height='630' title='investire usa - san-francisco' alt=''  itemprop=\"contentURL\"  \/><\/div><\/li><li  class=' slide-5 ' ><div data-rel='slideshow-1' class='avia-slide-wrap'  ><img src='http:\/\/www.havengridgroup.com\/wp-content\/uploads\/2015\/11\/investire-usa-new-york4-1500x630.jpg' width='1500' height='630' title='investire usa - new-york' alt=''  itemprop=\"contentURL\"  \/><\/div><\/li><\/ul><div class='avia-slideshow-arrows avia-slideshow-controls'><a href='#prev' class='prev-slide' aria-hidden='true' data-av_icon='\ue87c' data-av_iconfont='entypo-fontello'>Anterior<\/a><a href='#next' class='next-slide' aria-hidden='true' data-av_icon='\ue87d' data-av_iconfont='entypo-fontello'>Pr\u00f3ximo<\/a><\/div><div class='avia-slideshow-dots avia-slideshow-controls'><a href='#1' class='goto-slide active' >1<\/a><a href='#2' class='goto-slide ' >2<\/a><a href='#3' class='goto-slide ' >3<\/a><a href='#4' class='goto-slide ' >4<\/a><a href='#5' class='goto-slide ' >5<\/a><\/div><\/div><br \/>\n<div style='padding-bottom:10px;' class='av-special-heading av-special-heading-h2   '><h2 class='av-special-heading-tag'  itemprop=\"headline\"  > Descubra o melhor propriedades de investimento: Reino Unido, Usa.<\/h2><div class='special-heading-border'><div class='special-heading-inner-border' ><\/div><\/div><\/div><\/p><\/div>\n<div class=\"flex_column av_one_full  flex_column_div av-zero-column-padding first  \" style='border-radius:0px; '><p><article class=\"iconbox iconbox_left  \"  itemscope=\"itemscope\" itemtype=\"https:\/\/schema.org\/CreativeWork\" ><div class=\"iconbox_content\"><header class=\"entry-content-header\"><div class=\"iconbox_icon heading-color\" aria-hidden='true' data-av_icon='\ue805' data-av_iconfont='entypo-fontello'  ><\/div><h3 class='iconbox_content_title'  itemprop=\"headline\"  ><a href='http:\/\/www.havengridgroup.com\/pt-br\/contato\/' title='Como podemos te ajudar?'  >Como podemos te ajudar?<\/a><\/h3><\/header><div class='iconbox_content_container '  itemprop=\"text\"  ><\/div><\/div><footer class=\"entry-footer\"><\/footer><\/article><br \/>\n<div style='padding-bottom:10px;' class='av-special-heading av-special-heading-h3    '><h3 class='av-special-heading-tag'  itemprop=\"headline\"  >Immobili<\/h3><div class='special-heading-border'><div class='special-heading-inner-border' ><\/div><\/div><\/div><br \/>\n<section class=\"avia_codeblock_section avia_code_block_0\"  itemscope=\"itemscope\" itemtype=\"https:\/\/schema.org\/CreativeWork\" ><div class='avia_codeblock '  itemprop=\"text\" > [avia_codeblock_placeholder uid=\"0\"] <\/div><\/section><\/p><\/div>\n","protected":false},"excerpt":{"rendered":"","protected":false},"author":3,"featured_media":0,"parent":0,"menu_order":0,"comment_status":"open","ping_status":"closed","template":"","meta":[],"_links":{"self":[{"href":"http:\/\/www.havengridgroup.com\/pt-br\/wp-json\/wp\/v2\/pages\/8508"}],"collection":[{"href":"http:\/\/www.havengridgroup.com\/pt-br\/wp-json\/wp\/v2\/pages"}],"about":[{"href":"http:\/\/www.havengridgroup.com\/pt-br\/wp-json\/wp\/v2\/types\/page"}],"author":[{"embeddable":true,"href":"http:\/\/www.havengridgroup.com\/pt-br\/wp-json\/wp\/v2\/users\/3"}],"replies":[{"embeddable":true,"href":"http:\/\/www.havengridgroup.com\/pt-br\/wp-json\/wp\/v2\/comments?post=8508"}],"version-history":[{"count":4,"href":"http:\/\/www.havengridgroup.com\/pt-br\/wp-json\/wp\/v2\/pages\/8508\/revisions"}],"predecessor-version":[{"id":8523,"href":"http:\/\/www.havengridgroup.com\/pt-br\/wp-json\/wp\/v2\/pages\/8508\/revisions\/8523"}],"wp:attachment":[{"href":"http:\/\/www.havengridgroup.com\/pt-br\/wp-json\/wp\/v2\/media?parent=8508"}],"curies":[{"name":"wp","href":"https:\/\/api.w.org\/{rel}","templated":true}]}}